{"id":635,"date":"2025-09-26T10:40:26","date_gmt":"2025-09-26T08:40:26","guid":{"rendered":"https:\/\/contenedoresreciclaje.com\/contenidor-de-piles-10-litres\/"},"modified":"2025-09-29T13:05:35","modified_gmt":"2025-09-29T11:05:35","slug":"contenidor-de-piles-10-litres","status":"publish","type":"page","link":"https:\/\/contenedoresreciclaje.com\/ca\/contenidor-de-piles-10-litres\/","title":{"rendered":"Contenidor de piles 10 Litres"},"content":{"rendered":"<p>[et_pb_section fb_built=&#8221;1&#8243; _builder_version=&#8221;4.27.4&#8243; _module_preset=&#8221;default&#8221; background_color=&#8221;gcid-8c01c785-3809-4369-9129-44929d8cbc99&#8243; background_image=&#8221;https:\/\/contenedoresreciclaje.com\/wp-content\/uploads\/2025\/09\/contenedores-1-3.jpg&#8221; custom_padding=&#8221;||87px|||&#8221; global_colors_info=&#8221;{%22gcid-8c01c785-3809-4369-9129-44929d8cbc99%22:%91%22background_color%22%93}&#8221;][\/et_pb_section][et_pb_section fb_built=&#8221;1&#8243; _builder_version=&#8221;4.27.4&#8243; _module_preset=&#8221;default&#8221; custom_padding=&#8221;||45px|||&#8221; global_colors_info=&#8221;{}&#8221;][et_pb_row _builder_version=&#8221;4.27.4&#8243; _module_preset=&#8221;default&#8221; global_colors_info=&#8221;{}&#8221;][et_pb_column type=&#8221;4_4&#8243; _builder_version=&#8221;4.27.4&#8243; _module_preset=&#8221;default&#8221; global_colors_info=&#8221;{}&#8221;][et_pb_text _builder_version=&#8221;4.27.4&#8243; _module_preset=&#8221;default&#8221; global_colors_info=&#8221;{}&#8221;]<\/p>\n<p><a href=\"https:\/\/contenedoresreciclaje.com\/ca\/\">&lt; Enrere<\/a><\/p>\n<p>[\/et_pb_text][\/et_pb_column][\/et_pb_row][et_pb_row column_structure=&#8221;1_2,1_2&#8243; _builder_version=&#8221;4.27.4&#8243; _module_preset=&#8221;default&#8221; custom_margin=&#8221;-14px|auto||auto||&#8221; global_colors_info=&#8221;{}&#8221;][et_pb_column type=&#8221;1_2&#8243; _builder_version=&#8221;4.27.4&#8243; _module_preset=&#8221;default&#8221; global_colors_info=&#8221;{}&#8221;][et_pb_code _builder_version=&#8221;4.27.4&#8243; _module_preset=&#8221;default&#8221; global_colors_info=&#8221;{}&#8221;]<\/p>\n<div id=\"mi-slider\"><!-- [et_pb_line_break_holder] -->  <img decoding=\"async\" src=\"https:\/\/contenedoresreciclaje.com\/wp-content\/uploads\/2025\/09\/pilas3.jpg\" alt=\"Vermell\"><!-- [et_pb_line_break_holder] -->  <img decoding=\"async\" src=\"https:\/\/contenedoresreciclaje.com\/wp-content\/uploads\/2025\/09\/pilas1.jpg\" alt=\"Vermell\"><!-- [et_pb_line_break_holder] -->  <img decoding=\"async\" src=\"https:\/\/contenedoresreciclaje.com\/wp-content\/uploads\/2025\/09\/pilas2.jpg\" alt=\"Vermell\"><!-- [et_pb_line_break_holder] -->  <button class=\"prev\">\u2039<\/button><!-- [et_pb_line_break_holder] --> <button class=\"next\">\u203a<\/button><!-- [et_pb_line_break_holder] --><\/div>\n<p><!-- [et_pb_line_break_holder] --><!-- [et_pb_line_break_holder] --><script><!-- [et_pb_line_break_holder] -->  (function(){<!-- [et_pb_line_break_holder] -->    const slider = document.getElementById('mi-slider');<!-- [et_pb_line_break_holder] -->    const slides = slider.querySelectorAll('img');<!-- [et_pb_line_break_holder] -->    const prev = slider.querySelector('.prev');<!-- [et_pb_line_break_holder] -->    const next = slider.querySelector('.next');<!-- [et_pb_line_break_holder] -->    let current = 0;<!-- [et_pb_line_break_holder] --><!-- [et_pb_line_break_holder] -->    function showSlide(i) {<!-- [et_pb_line_break_holder] -->      slides.forEach((slide, idx) => {<!-- [et_pb_line_break_holder] -->        slide.classList.toggle('active', idx === i);<!-- [et_pb_line_break_holder] -->      });<!-- [et_pb_line_break_holder] -->    }<!-- [et_pb_line_break_holder] --><!-- [et_pb_line_break_holder] -->    prev.addEventListener('click', () => {<!-- [et_pb_line_break_holder] -->      current = (current === 0) ? slides.length -1 : current -1;<!-- [et_pb_line_break_holder] -->      showSlide(current);<!-- [et_pb_line_break_holder] -->    });<!-- [et_pb_line_break_holder] --><!-- [et_pb_line_break_holder] -->    next.addEventListener('click', () => {<!-- [et_pb_line_break_holder] -->      current = (current === slides.length -1) ? 0 : current +1;<!-- [et_pb_line_break_holder] -->      showSlide(current);<!-- [et_pb_line_break_holder] -->    });<!-- [et_pb_line_break_holder] --><!-- [et_pb_line_break_holder] -->    showSlide(current);<!-- [et_pb_line_break_holder] -->  })();<!-- [et_pb_line_break_holder] --><\/script><!-- [et_pb_line_break_holder] -->[\/et_pb_code][\/et_pb_column][et_pb_column type=&#8221;1_2&#8243; _builder_version=&#8221;4.27.4&#8243; _module_preset=&#8221;default&#8221; global_colors_info=&#8221;{}&#8221;][et_pb_text _builder_version=&#8221;4.27.4&#8243; _module_preset=&#8221;default&#8221; header_font_size=&#8221;40px&#8221; global_colors_info=&#8221;{}&#8221;]<\/p>\n<h1>Contenidor de piles 10 Litres<\/h1>\n<p>[\/et_pb_text][et_pb_code _builder_version=&#8221;4.27.4&#8243; _module_preset=&#8221;default&#8221; global_colors_info=&#8221;{}&#8221;]<\/p>\n<div class=\"my-product-details\"><!-- [et_pb_line_break_holder] -->    <\/p>\n<div class=\"detail-item\"><!-- [et_pb_line_break_holder] -->        <strong>Di\u00e0metre:<\/strong> 127 mm<!-- [et_pb_line_break_holder] -->    <\/div>\n<p><!-- [et_pb_line_break_holder] -->    <\/p>\n<div class=\"detail-item\"><!-- [et_pb_line_break_holder] -->        <strong>Altura:<\/strong> 850 mm<!-- [et_pb_line_break_holder] -->    <\/div>\n<p><!-- [et_pb_line_break_holder] -->  <\/p>\n<div class=\"detail-item\"><!-- [et_pb_line_break_holder] -->        <strong>Gruix xapa:<\/strong> 2 mm<!-- [et_pb_line_break_holder] -->    <\/div>\n<p><!-- [et_pb_line_break_holder] -->  <\/p>\n<div class=\"detail-item\"><!-- [et_pb_line_break_holder] -->        <strong>Tapes:<\/strong> 2 mm<!-- [et_pb_line_break_holder] -->    <\/div>\n<p><!-- [et_pb_line_break_holder] -->  <\/p>\n<div class=\"detail-item\"><!-- [et_pb_line_break_holder] -->        <strong>Pes en buit:<\/strong> 5,5 kg<!-- [et_pb_line_break_holder] -->    <\/div>\n<p><!-- [et_pb_line_break_holder] -->  <\/p>\n<div class=\"detail-item\"><!-- [et_pb_line_break_holder] -->        <strong>Pes ple:<\/strong> 20 kg<!-- [et_pb_line_break_holder] -->    <\/div>\n<p><!-- [et_pb_line_break_holder] -->  <\/p>\n<div class=\"detail-item\"><!-- [et_pb_line_break_holder] -->        <strong>Material:<\/strong> Ferro S235JR<!-- [et_pb_line_break_holder] -->    <\/div>\n<p><!-- [et_pb_line_break_holder] --><\/div>\n<p><!-- [et_pb_line_break_holder] -->[\/et_pb_code][et_pb_social_media_follow use_icon_font_size=&#8221;on&#8221; icon_font_size=&#8221;20px&#8221; _builder_version=&#8221;4.27.4&#8243; _module_preset=&#8221;default&#8221; border_radii=&#8221;on|30px|30px|30px|30px&#8221; global_colors_info=&#8221;{}&#8221;][et_pb_social_media_follow_network social_network=&#8221;facebook&#8221; url=&#8221;https:\/\/www.facebook.com\/dialog\/feed?app_id=1057722817719487&#038;name=Contenedor+80+L&#038;description=Fabricado+con+polietileno+de+alta+densidad+%28HDPE%29.%09Estabilizaci%C3%B3n+ultravioleta.%09Dise%C3%B1o+ergon%C3%B3mico+de+las+asas+de+la+tapa.%C2%A0%09Tapa+con+un+nervio+de+goteo+integral+para+el+agua+condensada.%09Fabricado+conforme+a+DIN+EN+840+%E2%80%93+1%2C+5+y+6.%09Sello+de+calidad+RAL.%09Ejes+de+acero+templado+y+endurecido.%09Nido+para+chip+integrado+para+el+transpondedor.%09Engranaje+externo+que+proporciona+una+gran+estabilidad.%09Amortiguaci%C3%B3n+del+impacto+que+se+produce+entre+la+apertura+y+el+cierre+de+la&#038;link=https:\/\/contenedoresreciclaje.com\/contenedor-80-l&#8221; _builder_version=&#8221;4.27.4&#8243; _module_preset=&#8221;default&#8221; background_color=&#8221;#3b5998&#8243; global_colors_info=&#8221;{}&#8221; follow_button=&#8221;off&#8221; url_new_window=&#8221;on&#8221;]facebook[\/et_pb_social_media_follow_network][et_pb_social_media_follow_network social_network=&#8221;twitter&#8221; url=&#8221;https:\/\/x.com\/intent\/post?url=https%3A%2F%2Fcontenedoresreciclaje.com%2Fcontenedor-80-l&#038;text=Fabricado%20con%20polietileno%20de%20alta%20densidad%20(HDPE).%09Estabilizaci%C3%B3n%20ultravioleta.%09Dise%C3%B1o%20ergon%C3%B3mico%20de%20las%20asas%20de%20la%20tapa.%C2%A0%09Tapa%20con%20un%20nervio%20de%20goteo%20integral%20para%20el%20agua%20condensada.%09Fabricado%20conforme%20a%20DIN%20EN%20840%20%E2%80%93%201%2C%205%20y%206.%09Sello%20de%20calidad%20RAL.%09Ejes%20de%20acero%20templado%20y%20endurecido.%09Nido%20para%20chip%20integrado%20para%20el%20transpondedor.%09Engranaje%20externo%20que%20proporciona%20una%20gran%20estabilidad.%09Amortiguaci%C3%B3n%20del%20impacto%20que%20se%20produce%20entre%20la%20apertura%20y%20el%20cierre%20de%20la&#038;lang=es&#8221; _builder_version=&#8221;4.27.4&#8243; _module_preset=&#8221;default&#8221; background_color=&#8221;#000000&#8243; global_colors_info=&#8221;{}&#8221; follow_button=&#8221;off&#8221; url_new_window=&#8221;on&#8221;]X[\/et_pb_social_media_follow_network][et_pb_social_media_follow_network social_network=&#8221;telegram&#8221; url=&#8221;https:\/\/t.me\/share\/url?url=https:\/\/contenedoresreciclaje.com\/contenedor-80-l&#038;text=Fabricado+con+polietileno+de+alta+densidad+%28HDPE%29.%09Estabilizaci%C3%B3n+ultravioleta.%09Dise%C3%B1o+ergon%C3%B3mico+de+las+asas+de+la+tapa.%C2%A0%09Tapa+con+un+nervio+de+goteo+integral+para+el+agua+condensada.%09Fabricado+conforme+a+DIN+EN+840+%E2%80%93+1%2C+5+y+6.%09Sello+de+calidad+RAL.%09Ejes+de+acero+templado+y+endurecido.%09Nido+para+chip+integrado+para+el+transpondedor.%09Engranaje+externo+que+proporciona+una+gran+estabilidad.%09Amortiguaci%C3%B3n+del+impacto+que+se+produce+entre+la+apertura+y+el+cierre+de+la&#038;lang=es&#8221; _builder_version=&#8221;4.27.4&#8243; _module_preset=&#8221;default&#8221; background_color=&#8221;#179cde&#8221; global_colors_info=&#8221;{}&#8221; follow_button=&#8221;off&#8221; url_new_window=&#8221;on&#8221;]telegram[\/et_pb_social_media_follow_network][et_pb_social_media_follow_network social_network=&#8221;whatsapp&#8221; url=&#8221;https:\/\/api.whatsapp.com\/send?text=Fabricado+con+polietileno+de+alta+densidad+(HDPE).Estabilizaci%C3%B3n+ultravioleta.Dise%C3%B1o+ergon%C3%B3mico+de+las+asas+de+la+tapa.%C2%A0Tapa+con+un+nervio+de+goteo+integral+para+el+agua+condensada.Fabricado+conforme+a+DIN+EN+840+%E2%80%93+1,+5+y+6.Sello+de+calidad+RAL.Ejes+de+acero+templado+y+endurecido.Nido+para+chip+integrado+para+el+transpondedor.Engranaje+externo+que+proporciona+una+gran+estabilidad.Amortiguaci%C3%B3n+del+impacto+que+se+produce+entre+la+apertura+y+el+cierre+de+la+https:\/\/contenedoresreciclaje.com\/contenedor-80-l&#8221; _builder_version=&#8221;4.27.4&#8243; _module_preset=&#8221;default&#8221; background_color=&#8221;#25D366&#8243; global_colors_info=&#8221;{}&#8221; follow_button=&#8221;off&#8221; url_new_window=&#8221;on&#8221;]whatsapp[\/et_pb_social_media_follow_network][\/et_pb_social_media_follow][et_pb_button button_url=&#8221;https:\/\/contenedoresreciclaje.com\/ca\/#seccio-pressupost&#8221; button_text=&#8221;SOL\u00b7LICITAR PRESSUPOST&#8221; button_alignment=&#8221;left&#8221; _builder_version=&#8221;4.27.4&#8243; _module_preset=&#8221;default&#8221; custom_button=&#8221;on&#8221; button_text_color=&#8221;#FFFFFF&#8221; button_bg_color=&#8221;gcid-primary-color&#8221; button_use_icon=&#8221;off&#8221; hover_enabled=&#8221;0&#8243; locked=&#8221;off&#8221; global_colors_info=&#8221;{%22gcid-primary-color%22:%91%22button_bg_color%22%93}&#8221; sticky_enabled=&#8221;0&#8243;][\/et_pb_button][\/et_pb_column][\/et_pb_row][et_pb_row _builder_version=&#8221;4.27.4&#8243; _module_preset=&#8221;default&#8221; global_colors_info=&#8221;{}&#8221;][et_pb_column type=&#8221;4_4&#8243; _builder_version=&#8221;4.27.4&#8243; _module_preset=&#8221;default&#8221; global_colors_info=&#8221;{}&#8221;][et_pb_text _builder_version=&#8221;4.27.4&#8243; _module_preset=&#8221;default&#8221; text_font=&#8221;|300|||||||&#8221; global_colors_info=&#8221;{}&#8221;]<\/p>\n<ul>\n<li class=\"li3\">Pintura en pols. Excel\u00b7lent resist\u00e8ncia a la corrosi\u00f3, calor, impacte, intemp\u00e8rie i a canvis extrems de temperatura. <\/li>\n<li class=\"li4\">Nansa de transport<\/li>\n<\/ul>\n<p>[\/et_pb_text][\/et_pb_column][\/et_pb_row][et_pb_row column_structure=&#8221;1_2,1_2&#8243; _builder_version=&#8221;4.27.4&#8243; _module_preset=&#8221;default&#8221; global_colors_info=&#8221;{}&#8221;][et_pb_column type=&#8221;1_2&#8243; _builder_version=&#8221;4.27.4&#8243; _module_preset=&#8221;default&#8221; global_colors_info=&#8221;{}&#8221;][et_pb_text _builder_version=&#8221;4.27.4&#8243; _module_preset=&#8221;default&#8221; text_orientation=&#8221;right&#8221; link_option_url=&#8221;https:\/\/contenedoresreciclaje.com\/contenedor-de-pilas-3-5-litros\/&#8221; global_colors_info=&#8221;{}&#8221;]<\/p>\n<p style=\"text-align: left;\"><a href=\"https:\/\/contenedoresreciclaje.com\/contenedor-de-pilas-3-5-litros\/\">&lt; Anterior<\/a><\/p>\n<p>[\/et_pb_text][\/et_pb_column][et_pb_column type=&#8221;1_2&#8243; _builder_version=&#8221;4.27.4&#8243; _module_preset=&#8221;default&#8221; global_colors_info=&#8221;{}&#8221;][et_pb_text _builder_version=&#8221;4.27.4&#8243; _module_preset=&#8221;default&#8221; text_orientation=&#8221;right&#8221; link_option_url=&#8221;https:\/\/contenedoresreciclaje.com\/ca\/contenidor-770l\/&#8221; global_colors_info=&#8221;{}&#8221;]<\/p>\n<p style=\"text-align: right;\"><a href=\"https:\/\/contenedoresreciclaje.com\/ca\/contenidor-770l\/\">Seg\u00fcent &gt;<\/a><\/p>\n<p>[\/et_pb_text][\/et_pb_column][\/et_pb_row][\/et_pb_section][et_pb_section fb_built=&#8221;1&#8243; _builder_version=&#8221;4.27.4&#8243; _module_preset=&#8221;default&#8221; background_color=&#8221;#FFFFFF&#8221; locked=&#8221;off&#8221; global_colors_info=&#8221;{}&#8221;][et_pb_row module_id=&#8221;seccion-contenedores&#8221; _builder_version=&#8221;4.27.4&#8243; _module_preset=&#8221;default&#8221; global_colors_info=&#8221;{}&#8221;][et_pb_column type=&#8221;4_4&#8243; _builder_version=&#8221;4.27.4&#8243; _module_preset=&#8221;default&#8221; global_colors_info=&#8221;{}&#8221;][et_pb_text _builder_version=&#8221;4.27.4&#8243; _module_preset=&#8221;default&#8221; header_2_font_size=&#8221;40px&#8221; global_colors_info=&#8221;{}&#8221;]<\/p>\n<h2 style=\"text-align: center;\">Contenidors de c\u00e0rrega posterior<\/h2>\n<p>[\/et_pb_text][\/et_pb_column][\/et_pb_row][et_pb_row column_structure=&#8221;1_4,1_4,1_4,1_4&#8243; _builder_version=&#8221;4.27.4&#8243; _module_preset=&#8221;default&#8221; global_colors_info=&#8221;{}&#8221;][et_pb_column type=&#8221;1_4&#8243; _builder_version=&#8221;4.27.4&#8243; _module_preset=&#8221;default&#8221; global_colors_info=&#8221;{}&#8221;][et_pb_image src=&#8221;https:\/\/contenedoresreciclaje.com\/wp-content\/uploads\/2025\/09\/80-l.-01_1.jpg&#8221; title_text=&#8221;contenidor&#8221; _builder_version=&#8221;4.27.4&#8243; _module_preset=&#8221;default&#8221; global_colors_info=&#8221;{}&#8221;][\/et_pb_image][et_pb_text module_class=&#8221;mi-boton-hover&#8221; _builder_version=&#8221;4.27.4&#8243; _module_preset=&#8221;default&#8221; header_3_font_size=&#8221;24px&#8221; background_color=&#8221;gcid-8c01c785-3809-4369-9129-44929d8cbc99&#8243; custom_margin=&#8221;|-10px||-10px|false|true&#8221; custom_padding=&#8221;12px|4px|12px|4px|true|true&#8221; link_option_url=&#8221;https:\/\/contenedoresreciclaje.com\/ca\/contenidor-80l\/&#8221; global_colors_info=&#8221;{%22gcid-8c01c785-3809-4369-9129-44929d8cbc99%22:%91%22background_color%22%93}&#8221;]<\/p>\n<h3 style=\"text-align: center;\">Contenidor 80L<\/h3>\n<p>[\/et_pb_text][\/et_pb_column][et_pb_column type=&#8221;1_4&#8243; _builder_version=&#8221;4.27.4&#8243; _module_preset=&#8221;default&#8221; global_colors_info=&#8221;{}&#8221;][et_pb_image src=&#8221;https:\/\/contenedoresreciclaje.com\/wp-content\/uploads\/2025\/09\/120-l.-04.jpg&#8221; title_text=&#8221;contenidor&#8221; _builder_version=&#8221;4.27.4&#8243; _module_preset=&#8221;default&#8221; global_colors_info=&#8221;{}&#8221;][\/et_pb_image][et_pb_text module_class=&#8221;mi-boton-hover&#8221; _builder_version=&#8221;4.27.4&#8243; _module_preset=&#8221;default&#8221; header_3_font_size=&#8221;24px&#8221; background_color=&#8221;gcid-8c01c785-3809-4369-9129-44929d8cbc99&#8243; custom_margin=&#8221;|-10px||-10px|false|true&#8221; custom_padding=&#8221;12px|4px|12px|4px|true|true&#8221; link_option_url=&#8221;https:\/\/contenedoresreciclaje.com\/ca\/contenidor-120l\/&#8221; global_colors_info=&#8221;{%22gcid-8c01c785-3809-4369-9129-44929d8cbc99%22:%91%22background_color%22%93}&#8221;]<\/p>\n<h3 style=\"text-align: center;\">Contenidor 120L<\/h3>\n<p>[\/et_pb_text][\/et_pb_column][et_pb_column type=&#8221;1_4&#8243; _builder_version=&#8221;4.27.4&#8243; _module_preset=&#8221;default&#8221; global_colors_info=&#8221;{}&#8221;][et_pb_image src=&#8221;https:\/\/contenedoresreciclaje.com\/wp-content\/uploads\/2025\/09\/240-l.-02.jpg&#8221; title_text=&#8221;contenidor&#8221; _builder_version=&#8221;4.27.4&#8243; _module_preset=&#8221;default&#8221; global_colors_info=&#8221;{}&#8221;][\/et_pb_image][et_pb_text module_class=&#8221;mi-boton-hover&#8221; _builder_version=&#8221;4.27.4&#8243; _module_preset=&#8221;default&#8221; header_3_font_size=&#8221;24px&#8221; background_color=&#8221;gcid-8c01c785-3809-4369-9129-44929d8cbc99&#8243; custom_margin=&#8221;|-10px||-10px|false|true&#8221; custom_padding=&#8221;12px|4px|12px|4px|true|true&#8221; link_option_url=&#8221;https:\/\/contenedoresreciclaje.com\/ca\/contenidor-240l\/&#8221; global_colors_info=&#8221;{%22gcid-8c01c785-3809-4369-9129-44929d8cbc99%22:%91%22background_color%22%93}&#8221;]<\/p>\n<h3 style=\"text-align: center;\">Contenidor 240L<\/h3>\n<p>[\/et_pb_text][\/et_pb_column][et_pb_column type=&#8221;1_4&#8243; _builder_version=&#8221;4.27.4&#8243; _module_preset=&#8221;default&#8221; global_colors_info=&#8221;{}&#8221;][et_pb_image src=&#8221;https:\/\/contenedoresreciclaje.com\/wp-content\/uploads\/2025\/09\/360-l.-10.jpg&#8221; title_text=&#8221;contenidor&#8221; _builder_version=&#8221;4.27.4&#8243; _module_preset=&#8221;default&#8221; global_colors_info=&#8221;{}&#8221;][\/et_pb_image][et_pb_text module_class=&#8221;mi-boton-hover&#8221; _builder_version=&#8221;4.27.4&#8243; _module_preset=&#8221;default&#8221; header_3_font_size=&#8221;24px&#8221; background_color=&#8221;gcid-8c01c785-3809-4369-9129-44929d8cbc99&#8243; custom_margin=&#8221;|-10px||-10px|false|true&#8221; custom_padding=&#8221;12px|4px|12px|4px|true|true&#8221; link_option_url=&#8221;https:\/\/contenedoresreciclaje.com\/ca\/contenidor-360l\/&#8221; global_colors_info=&#8221;{%22gcid-8c01c785-3809-4369-9129-44929d8cbc99%22:%91%22background_color%22%93}&#8221;]<\/p>\n<h3 style=\"text-align: center;\"><a href=\"https:\/\/contenedoresreciclaje.com\/ca\/contenidor-360l\/\">Contenidor 360L<\/a><\/h3>\n<p>[\/et_pb_text][\/et_pb_column][\/et_pb_row][et_pb_row column_structure=&#8221;1_4,1_4,1_4,1_4&#8243; _builder_version=&#8221;4.27.4&#8243; _module_preset=&#8221;default&#8221; global_colors_info=&#8221;{}&#8221;][et_pb_column type=&#8221;1_4&#8243; _builder_version=&#8221;4.27.4&#8243; _module_preset=&#8221;default&#8221; global_colors_info=&#8221;{}&#8221;][et_pb_image src=&#8221;https:\/\/contenedoresreciclaje.com\/wp-content\/uploads\/2025\/09\/770L.jpg&#8221; title_text=&#8221;contenidor&#8221; _builder_version=&#8221;4.27.4&#8243; _module_preset=&#8221;default&#8221; custom_padding=&#8221;35px||35px||true|false&#8221; global_colors_info=&#8221;{}&#8221;][\/et_pb_image][et_pb_text module_class=&#8221;mi-boton-hover&#8221; _builder_version=&#8221;4.27.4&#8243; _module_preset=&#8221;default&#8221; header_3_font_size=&#8221;24px&#8221; background_color=&#8221;gcid-8c01c785-3809-4369-9129-44929d8cbc99&#8243; custom_margin=&#8221;|-10px||-10px|false|true&#8221; custom_padding=&#8221;12px|4px|12px|4px|true|true&#8221; link_option_url=&#8221;https:\/\/contenedoresreciclaje.com\/ca\/contenidor-770l\/&#8221; global_colors_info=&#8221;{%22gcid-8c01c785-3809-4369-9129-44929d8cbc99%22:%91%22background_color%22%93}&#8221;]<\/p>\n<h3 style=\"text-align: center;\">Contenidor 770L<\/h3>\n<p>[\/et_pb_text][\/et_pb_column][et_pb_column type=&#8221;1_4&#8243; _builder_version=&#8221;4.27.4&#8243; _module_preset=&#8221;default&#8221; global_colors_info=&#8221;{}&#8221;][et_pb_image src=&#8221;https:\/\/contenedoresreciclaje.com\/wp-content\/uploads\/2025\/09\/1100.png&#8221; title_text=&#8221;contenidor&#8221; _builder_version=&#8221;4.27.4&#8243; _module_preset=&#8221;default&#8221; custom_padding=&#8221;35px||35px||true|false&#8221; global_colors_info=&#8221;{}&#8221;][\/et_pb_image][et_pb_text module_class=&#8221;mi-boton-hover&#8221; _builder_version=&#8221;4.27.4&#8243; _module_preset=&#8221;default&#8221; header_3_font_size=&#8221;24px&#8221; background_color=&#8221;gcid-8c01c785-3809-4369-9129-44929d8cbc99&#8243; custom_margin=&#8221;|-10px||-10px|false|true&#8221; custom_padding=&#8221;12px|4px|12px|4px|true|true&#8221; link_option_url=&#8221;https:\/\/contenedoresreciclaje.com\/ca\/contenidor-1100l\/&#8221; global_colors_info=&#8221;{%22gcid-8c01c785-3809-4369-9129-44929d8cbc99%22:%91%22background_color%22%93}&#8221;]<\/p>\n<h3 style=\"text-align: center;\">Contenidor 1100L<\/h3>\n<p>[\/et_pb_text][\/et_pb_column][et_pb_column type=&#8221;1_4&#8243; _builder_version=&#8221;4.27.4&#8243; _module_preset=&#8221;default&#8221; global_colors_info=&#8221;{}&#8221;][et_pb_image src=&#8221;https:\/\/contenedoresreciclaje.com\/wp-content\/uploads\/2025\/09\/MCAL0039.jpg&#8221; title_text=&#8221;contenidor&#8221; _builder_version=&#8221;4.27.4&#8243; _module_preset=&#8221;default&#8221; global_colors_info=&#8221;{}&#8221;][\/et_pb_image][et_pb_text module_class=&#8221;mi-boton-hover&#8221; _builder_version=&#8221;4.27.4&#8243; _module_preset=&#8221;default&#8221; header_3_font_size=&#8221;24px&#8221; background_color=&#8221;gcid-8c01c785-3809-4369-9129-44929d8cbc99&#8243; custom_margin=&#8221;|-10px||-10px|false|true&#8221; custom_padding=&#8221;12px|4px|12px|4px|true|true&#8221; link_option_url=&#8221;https:\/\/contenedoresreciclaje.com\/papelera-vivaldi\/&#8221; global_colors_info=&#8221;{%22gcid-8c01c785-3809-4369-9129-44929d8cbc99%22:%91%22background_color%22%93}&#8221;]<\/p>\n<h3 style=\"text-align: center;\">Paperera Vivaldi<\/h3>\n<p>[\/et_pb_text][\/et_pb_column][et_pb_column type=&#8221;1_4&#8243; _builder_version=&#8221;4.27.4&#8243; _module_preset=&#8221;default&#8221; global_colors_info=&#8221;{}&#8221;][et_pb_image src=&#8221;https:\/\/contenedoresreciclaje.com\/wp-content\/uploads\/2025\/09\/pilas4-1024&#215;1024-1.jpg&#8221; title_text=&#8221;contenidor-de-piles-3.5-litres&#8221; _builder_version=&#8221;4.27.4&#8243; _module_preset=&#8221;default&#8221; custom_padding=&#8221;35px||35px||true|false&#8221; global_colors_info=&#8221;{}&#8221;][\/et_pb_image][et_pb_text module_class=&#8221;mi-boton-hover&#8221; _builder_version=&#8221;4.27.4&#8243; _module_preset=&#8221;default&#8221; header_2_line_height=&#8221;1.1em&#8221; header_3_font_size=&#8221;24px&#8221; background_color=&#8221;gcid-8c01c785-3809-4369-9129-44929d8cbc99&#8243; custom_margin=&#8221;|-10px||-10px|false|true&#8221; custom_padding=&#8221;12px|4px|12px|4px|true|true&#8221; link_option_url=&#8221;https:\/\/contenedoresreciclaje.com\/contenedor-de-pilas-3-5-litros\/&#8221; global_colors_info=&#8221;{%22gcid-8c01c785-3809-4369-9129-44929d8cbc99%22:%91%22background_color%22%93}&#8221;]<\/p>\n<h3 style=\"text-align: center;\">Contenidor de piles 3.5 Litres<\/h3>\n<p>[\/et_pb_text][\/et_pb_column][\/et_pb_row][et_pb_row column_structure=&#8221;1_4,1_4,1_4,1_4&#8243; _builder_version=&#8221;4.27.4&#8243; _module_preset=&#8221;default&#8221; global_colors_info=&#8221;{}&#8221;][et_pb_column type=&#8221;1_4&#8243; _builder_version=&#8221;4.27.4&#8243; _module_preset=&#8221;default&#8221; global_colors_info=&#8221;{}&#8221;][et_pb_image src=&#8221;https:\/\/contenedoresreciclaje.com\/wp-content\/uploads\/2025\/09\/pilas3-1024&#215;1024-1.jpg&#8221; title_text=&#8221;contenidor-piles-10-litres&#8221; _builder_version=&#8221;4.27.4&#8243; _module_preset=&#8221;default&#8221; custom_padding=&#8221;35px||35px||true|false&#8221; global_colors_info=&#8221;{}&#8221;][\/et_pb_image][et_pb_text module_class=&#8221;mi-boton-hover&#8221; _builder_version=&#8221;4.27.4&#8243; _module_preset=&#8221;default&#8221; header_2_line_height=&#8221;1.1em&#8221; header_3_font_size=&#8221;24px&#8221; background_color=&#8221;gcid-8c01c785-3809-4369-9129-44929d8cbc99&#8243; custom_margin=&#8221;|-10px||-10px|false|true&#8221; custom_padding=&#8221;12px|4px|12px|4px|true|true&#8221; link_option_url=&#8221;https:\/\/contenedoresreciclaje.com\/ca\/contenidor-de-piles-10-litres\/&#8221; global_colors_info=&#8221;{%22gcid-8c01c785-3809-4369-9129-44929d8cbc99%22:%91%22background_color%22%93}&#8221;]<\/p>\n<h3 style=\"text-align: center;\">Contenidor de piles 10 Litres<\/h3>\n<p>[\/et_pb_text][\/et_pb_column][et_pb_column type=&#8221;1_4&#8243; _builder_version=&#8221;4.27.4&#8243; _module_preset=&#8221;default&#8221; global_colors_info=&#8221;{}&#8221;][\/et_pb_column][et_pb_column type=&#8221;1_4&#8243; _builder_version=&#8221;4.27.4&#8243; _module_preset=&#8221;default&#8221; global_colors_info=&#8221;{}&#8221;][\/et_pb_column][et_pb_column type=&#8221;1_4&#8243; _builder_version=&#8221;4.27.4&#8243; _module_preset=&#8221;default&#8221; global_colors_info=&#8221;{}&#8221;][\/et_pb_column][\/et_pb_row][\/et_pb_section]<\/p>\n","protected":false},"excerpt":{"rendered":"<p>&lt; EnrereContenidor de piles 10 Litres Pintura en pols. Excel\u00b7lent resist\u00e8ncia a la corrosi\u00f3, calor, impacte, intemp\u00e8rie i a canvis extrems de temperatura. Nansa de transport &lt; AnteriorSeg\u00fcent &gt;Contenidors de c\u00e0rrega posteriorContenidor 80LContenidor 120LContenidor 240LContenidor 360LContenidor 770LContenidor 1100LPaperera VivaldiContenidor de piles 3.5 LitresContenidor de piles 10 Litres<\/p>\n","protected":false},"author":2,"featured_media":0,"parent":0,"menu_order":0,"comment_status":"closed","ping_status":"closed","template":"","meta":{"_et_pb_use_builder":"on","_et_pb_old_content":"","_et_gb_content_width":"","footnotes":""},"class_list":["post-635","page","type-page","status-publish","hentry"],"_links":{"self":[{"href":"https:\/\/contenedoresreciclaje.com\/ca\/wp-json\/wp\/v2\/pages\/635","targetHints":{"allow":["GET"]}}],"collection":[{"href":"https:\/\/contenedoresreciclaje.com\/ca\/wp-json\/wp\/v2\/pages"}],"about":[{"href":"https:\/\/contenedoresreciclaje.com\/ca\/wp-json\/wp\/v2\/types\/page"}],"author":[{"embeddable":true,"href":"https:\/\/contenedoresreciclaje.com\/ca\/wp-json\/wp\/v2\/users\/2"}],"replies":[{"embeddable":true,"href":"https:\/\/contenedoresreciclaje.com\/ca\/wp-json\/wp\/v2\/comments?post=635"}],"version-history":[{"count":3,"href":"https:\/\/contenedoresreciclaje.com\/ca\/wp-json\/wp\/v2\/pages\/635\/revisions"}],"predecessor-version":[{"id":689,"href":"https:\/\/contenedoresreciclaje.com\/ca\/wp-json\/wp\/v2\/pages\/635\/revisions\/689"}],"wp:attachment":[{"href":"https:\/\/contenedoresreciclaje.com\/ca\/wp-json\/wp\/v2\/media?parent=635"}],"curies":[{"name":"wp","href":"https:\/\/api.w.org\/{rel}","templated":true}]}}