{"id":560,"date":"2025-09-18T10:17:35","date_gmt":"2025-09-18T08:17:35","guid":{"rendered":"https:\/\/contenedoresreciclaje.com\/avis-legal\/"},"modified":"2025-09-29T10:25:11","modified_gmt":"2025-09-29T08:25:11","slug":"avis-legal","status":"publish","type":"page","link":"https:\/\/contenedoresreciclaje.com\/ca\/avis-legal\/","title":{"rendered":"Av\u00eds Legal"},"content":{"rendered":"<p>[et_pb_section fb_built=&#8221;1&#8243; _builder_version=&#8221;4.27.4&#8243; _module_preset=&#8221;default&#8221; background_color=&#8221;gcid-8c01c785-3809-4369-9129-44929d8cbc99&#8243; global_colors_info=&#8221;{%22gcid-8c01c785-3809-4369-9129-44929d8cbc99%22:%91%22background_color%22%93}&#8221;][et_pb_row _builder_version=&#8221;4.27.4&#8243; _module_preset=&#8221;default&#8221; global_colors_info=&#8221;{}&#8221;][et_pb_column type=&#8221;4_4&#8243; _builder_version=&#8221;4.27.4&#8243; _module_preset=&#8221;default&#8221; global_colors_info=&#8221;{}&#8221;][et_pb_text _builder_version=&#8221;4.27.4&#8243; _module_preset=&#8221;default&#8221; header_2_font_size=&#8221;40px&#8221; global_colors_info=&#8221;{}&#8221;]<\/p>\n<h2 style=\"text-align: center;\">AV\u00cdS LEGAL<\/h2>\n<p>[\/et_pb_text][\/et_pb_column][\/et_pb_row][\/et_pb_section][et_pb_section fb_built=&#8221;1&#8243; _builder_version=&#8221;4.27.4&#8243; _module_preset=&#8221;default&#8221; global_colors_info=&#8221;{}&#8221;][et_pb_row _builder_version=&#8221;4.27.4&#8243; _module_preset=&#8221;default&#8221; global_colors_info=&#8221;{}&#8221;][et_pb_column type=&#8221;4_4&#8243; _builder_version=&#8221;4.27.4&#8243; _module_preset=&#8221;default&#8221; global_colors_info=&#8221;{}&#8221;][et_pb_text _builder_version=&#8221;4.27.4&#8243; _module_preset=&#8221;default&#8221; hover_enabled=&#8221;0&#8243; global_colors_info=&#8221;{}&#8221; sticky_enabled=&#8221;0&#8243;]<\/p>\n<div class=\"et_pb_module et_pb_text et_pb_text_1 et_pb_text_align_left et_pb_bg_layout_light\" data-cya11y-org-font-size=\"15\">\n<div class=\"et_pb_text_inner\" data-cya11y-org-font-size=\"15\">\n<h4 data-cya11y-org-font-size=\"19\">1. ET DONEM LA BENVINGUDA A WWW.CONTENEDORESRECICLAJE.COM<\/h4>\n<\/div>\n<\/div>\n<div class=\"et_pb_module et_pb_text et_pb_text_2 et_pb_text_align_left et_pb_bg_layout_light\" data-cya11y-org-font-size=\"15\">\n<div class=\"et_pb_text_inner\" data-cya11y-org-font-size=\"15\">\n<p data-cya11y-org-font-size=\"15\">A STACCATO BIN, S.L. t\u2019oferim el lloc web <a href=\"http:\/\/www.contenedoresreciclaje.com\">contenedoresreciclaje.com<\/a> y en su caso las aplicaciones m\u00f3viles y otras propiedades interactivas, STACCATO BIN, S.L. posee y opera (conjuntamente, la \u00abWeb\u00bb).<\/p>\n<p data-cya11y-org-font-size=\"15\">L\u2019acc\u00e9s a la web et confereix la condici\u00f3 d\u2019usuari, entenent com a usuari aquella persona que utilitza la web amb la finalitat d\u2019obtenir informaci\u00f3 sobre els productes i serveis que s\u2019ofereixen. En aplicaci\u00f3 i compliment del deure d\u2019informaci\u00f3 disposat a l\u2019article 10 de la Llei 34\/2002, d\u201911 de juliol, de Serveis de la Societat de la Informaci\u00f3 i de Comer\u00e7 Electr\u00f2nic, es facilita la informaci\u00f3 seg\u00fcent sobre la web. <\/p>\n<div class=\"et_pb_module et_pb_text et_pb_text_3 et_pb_text_align_left et_pb_bg_layout_light\" data-cya11y-org-font-size=\"15\">\n<div class=\"et_pb_text_inner\" data-cya11y-org-font-size=\"15\">\n<h4 data-cya11y-org-font-size=\"19\">1.1 Coneix-nos<\/h4>\n<\/div>\n<\/div>\n<div class=\"et_pb_module et_pb_text et_pb_text_4 et_pb_text_align_left et_pb_bg_layout_light\" data-cya11y-org-font-size=\"15\">\n<div class=\"et_pb_text_inner\" data-cya11y-org-font-size=\"15\">\n<ul>\n<li data-cya11y-org-font-size=\"15\">Nom o Denominaci\u00f3 Social del titular:<span> STACCATO BIN<\/span><span>, S.L.<\/span><\/li>\n<li data-cya11y-org-font-size=\"15\">NIF\/CIF: B21648712<\/li>\n<li data-cya11y-org-font-size=\"15\">E-mail de contacte:<span> <a href=\"mailto:carme@e-brum.com\">carme@e-brum.com<\/a><\/span><\/li>\n<li data-cya11y-org-font-size=\"15\">Lloc web: <a href=\"http:\/\/www.contenedoresreciclaje.com\">contenedoresreciclaje.com<\/a><\/li>\n<\/ul>\n<\/div>\n<\/div>\n<div class=\"et_pb_module et_pb_text et_pb_text_5 et_pb_text_align_left et_pb_bg_layout_light\" data-cya11y-org-font-size=\"15\">\n<div class=\"et_pb_text_inner\" data-cya11y-org-font-size=\"15\">\n<h4 data-cya11y-org-font-size=\"19\">2. LLOC WEB<\/h4>\n<h4 data-cya11y-org-font-size=\"19\">2.1 Acc\u00e9s a la Web<\/h4>\n<\/div>\n<\/div>\n<div class=\"et_pb_module et_pb_text et_pb_text_6 et_pb_text_align_left et_pb_bg_layout_light\" data-cya11y-org-font-size=\"15\">\n<div class=\"et_pb_text_inner\" data-cya11y-org-font-size=\"15\">\n<p data-cya11y-org-font-size=\"15\">Aquest Av\u00eds Legal regula l\u2019acc\u00e9s i \u00fas de<span> <a href=\"http:\/\/www.contenedoresreciclaje.com\">contenedoresreciclaje.com<\/a> <\/span> <span> <\/span><a href=\"https:\/\/www.paperotslaroca.cat\/es\/\" data-cya11y-org-font-size=\"15\"><\/a>que<span> STACCATO BIN<\/span>, S.L. posa a la teva disposici\u00f3. La continuaci\u00f3 de l\u2019\u00fas i navegaci\u00f3 a la Web comporta l\u2019acceptaci\u00f3 d\u2019aquest Av\u00eds Legal. <\/p>\n<p data-cya11y-org-font-size=\"15\">La Web \u00e9s d\u2019acc\u00e9s lliure i gratu\u00eft, i amb car\u00e0cter general, no exigeix la pr\u00e8via subscripci\u00f3 o registre a la Web, no obstant aix\u00f2, pot ser que algunes seccions de la mateixa requereixin que pr\u00e8viament omplin un formulari.<\/p>\n<p data-cya11y-org-font-size=\"15\">Com a Usuari, et compromets a fer un \u00fas de la Web, dels seus continguts i dels seus serveis, d\u2019acord amb aquest Av\u00eds Legal, la legislaci\u00f3 aplicable, l\u2019ordre p\u00fablic i les bones costums i a no fer-ne un \u00fas dirigit a danyar, desactivar i\/o sobrecarregar la Web, o que pugui impedir, de qualsevol manera, la utilitzaci\u00f3 i funcionament normal de la mateixa.<\/p>\n<p data-cya11y-org-font-size=\"15\">A <span> STACCATO BIN<\/span>, SL.L fem un esfor\u00e7 continuat per mantenir la Web en bon funcionament, mantenint els continguts actualitzats. No obstant aix\u00f2, a<span> STACCATO BIN<\/span>, S.L. no podem garantir la completa disponibilitat i continu\u00eftat de l\u2019acc\u00e9s a la Web, o de l\u2019actualitzaci\u00f3 dels continguts. <\/p>\n<p data-cya11y-org-font-size=\"15\">Si tens algun dubte relacionat amb la Pol\u00edtica de Privacitat i Galetes o l\u2019Av\u00eds Legal pots posar-te en contacte amb nosaltres a trav\u00e9s dels nostres canals habituals de contacte i, si no hi est\u00e0s d\u2019acord, et demanem que surtis d\u2019aquesta p\u00e0gina i no facis cap acci\u00f3.<\/p>\n<p data-cya11y-org-font-size=\"15\">\n<p data-cya11y-org-font-size=\"15\">\n<div class=\"et_pb_module et_pb_text et_pb_text_7 et_pb_text_align_left et_pb_bg_layout_light\" data-cya11y-org-font-size=\"15\">\n<div class=\"et_pb_text_inner\" data-cya11y-org-font-size=\"15\">\n<h4 data-cya11y-org-font-size=\"19\">2.2 Limitacions d\u2019\u00fas de la Web<\/h4>\n<h4 data-cya11y-org-font-size=\"19\"><span style=\"font-size: 14px;\"><\/span><\/h4>\n<h4 data-cya11y-org-font-size=\"19\"><span style=\"font-size: 14px;\">En fer \u00fas de la Web et compromets a no:<\/span><\/h4>\n<\/div>\n<\/div>\n<div class=\"et_pb_module et_pb_text et_pb_text_8 et_pb_text_align_left et_pb_bg_layout_light\" data-cya11y-org-font-size=\"15\">\n<div class=\"et_pb_text_inner\" data-cya11y-org-font-size=\"15\">\n<ul>\n<li data-cya11y-org-font-size=\"15\">Realitzar accions susceptibles d\u2019alterar, deteriorar, interrompre o danyar els nostres sistemes electr\u00f2nics o els de tercers; aix\u00ed com a no obstaculitzar l\u2019acc\u00e9s d\u2019altres usuaris a la Web i als seus serveis mitjan\u00e7ant el consum massiu dels recursos inform\u00e0tics a trav\u00e9s dels quals prestem els nostres serveis.<\/li>\n<li data-cya11y-org-font-size=\"15\">Intentar accedir als comptes de correu electr\u00f2nic d&#8217;altres usuaris o a \u00e0rees restringides dels nostres sistemes inform\u00e0tics o dels de tercers i, si escau, extreure informaci\u00f3.<\/li>\n<li data-cya11y-org-font-size=\"15\">Vulnerar els nostres drets de propietat intel\u00b7lectual o industrial o els drets de tercers.<\/li>\n<li data-cya11y-org-font-size=\"15\">Reproduir, copiar, distribuir (o qualsevol altra forma de comunicaci\u00f3 p\u00fablica), transformar o modificar els continguts publicats a la Web.<\/li>\n<li data-cya11y-org-font-size=\"15\">Utilitzar qualsevol robot, aranya o un altre dispositiu, proc\u00e9s o mitj\u00e0 autom\u00e0tic amb qualsevol finalitat, incloses la supervisi\u00f3 o la c\u00f2pia de qualsevol material de la Web.<\/li>\n<li data-cya11y-org-font-size=\"15\">Saltar-se qualsevol mesura que puguem prendre per evitar o restringir l\u2019acc\u00e9s a certes \u00e0rees de la Web.<\/li>\n<li data-cya11y-org-font-size=\"15\">Intentar de qualsevol altra manera interferir en el funcionament correcte de la Web.<\/li>\n<\/ul>\n<p data-cya11y-org-font-size=\"15\">Si no compleixes amb el que s\u2019estableix en aquest Av\u00eds Legal o amb qualsevol altra condici\u00f3 recollida en aquesta Web, ens reservem el dret a limitar, suspendre i\/o finalitzar el teu acc\u00e9s a la mateixa, podent adoptar per aix\u00f2 qualsevol mesura que sigui necess\u00e0ria.<\/p>\n<\/div>\n<\/div>\n<div class=\"et_pb_module et_pb_text et_pb_text_9 et_pb_text_align_left et_pb_bg_layout_light\" data-cya11y-org-font-size=\"15\">\n<div class=\"et_pb_text_inner\" data-cya11y-org-font-size=\"15\">\n<h4 data-cya11y-org-font-size=\"19\">3. PROPIETAT INTEL\u00b7LECTUAL I\/O INDUSTRIAL<\/h4>\n<\/div>\n<\/div>\n<div class=\"et_pb_module et_pb_text et_pb_text_10 et_pb_text_align_left et_pb_bg_layout_light\" data-cya11y-org-font-size=\"15\">\n<div class=\"et_pb_text_inner\" data-cya11y-org-font-size=\"15\">\n<p data-cya11y-org-font-size=\"15\">La Web, els continguts i funcionalitats relacionades amb els mateixos, el disseny de<span> <a href=\"http:\/\/www.contenedoresreciclaje.com\">contenedoresreciclaje.com<\/a> <\/span>aix\u00ed com les bases de dades, el programari, els diferents elements que integren el lloc web (textos, gr\u00e0fics, fotografies, v\u00eddeos, gravacions sonores, combinacions de colors, disposici\u00f3 i selecci\u00f3, etc.), i signes distintius (logotips, marques registrades i noms comercials) que apareixen a la Web s\u00f3n propietat de<span> STACCATO BIN<\/span>, SL.L o dels titulars de les respectives llic\u00e8ncies i es troben protegits pels corresponents drets de propietat intel\u00b7lectual i industrial.<\/p>\n<p data-cya11y-org-font-size=\"15\">En cap cas, l\u2019acc\u00e9s a la Web suposa la cessi\u00f3 de cap dret de propietat intel\u00b7lectual i\/o industrial sobre la mateixa o els seus continguts.<\/p>\n<\/div>\n<\/div>\n<div class=\"et_pb_module et_pb_text et_pb_text_11 et_pb_text_align_left et_pb_bg_layout_light\" data-cya11y-org-font-size=\"15\">\n<div class=\"et_pb_text_inner\" data-cya11y-org-font-size=\"15\">\n<h4 data-cya11y-org-font-size=\"19\">4. RESPONSABILITAT<\/h4>\n<h4 data-cya11y-org-font-size=\"19\">4.1 Sobre la informaci\u00f3.<\/h4>\n<\/div>\n<\/div>\n<div class=\"et_pb_module et_pb_text et_pb_text_12 et_pb_text_align_left et_pb_bg_layout_light\" data-cya11y-org-font-size=\"15\">\n<div class=\"et_pb_text_inner\" data-cya11y-org-font-size=\"15\">\n<p data-cya11y-org-font-size=\"15\">En ning\u00fan caso, el acceso a la Web supone la cesi\u00f3n de ning\u00fan derecho de propiedad intelectual y\/o industrial sobre la misma o sus contenidos.<\/p>\n<\/div>\n<\/div>\n<div class=\"et_pb_module et_pb_text et_pb_text_13 et_pb_text_align_left et_pb_bg_layout_light\" data-cya11y-org-font-size=\"15\">\n<div class=\"et_pb_text_inner\" data-cya11y-org-font-size=\"15\">\n<h4 data-cya11y-org-font-size=\"19\">4.2 Sobre els continguts i serveis de tercers enlla\u00e7ats.<\/h4>\n<\/div>\n<\/div>\n<div class=\"et_pb_module et_pb_text et_pb_text_14 et_pb_text_align_left et_pb_bg_layout_light\" data-cya11y-org-font-size=\"15\">\n<div class=\"et_pb_text_inner\" data-cya11y-org-font-size=\"15\">\n<p data-cya11y-org-font-size=\"15\">En cap cas l\u2019exist\u00e8ncia de llocs enlla\u00e7ats, integracions, de la pres\u00e8ncia de connectors o de mecanismes de cerca suposa la recomanaci\u00f3 o promoci\u00f3 dels llocs enlla\u00e7ats o els seus continguts per part de<span> STACCATO BIN<\/span>, SL.L contingut, manifestacions o serveis prestats pels llocs web de tercers.<\/p>\n<p data-cya11y-org-font-size=\"15\">T\u2019oferim aquests enlla\u00e7os i informaci\u00f3 i\/o serveis perqu\u00e8 entenem que poden ser del teu inter\u00e8s, essent la teva responsabilitat llegir i acceptar els Termes d\u2019\u00das i Pol\u00edtiques de Privacitat publicats en aquests llocs web o aplicacions vinculades.<\/p>\n<p data-cya11y-org-font-size=\"15\">En tot cas, procedirem a la retirada immediata de qualsevol enlla\u00e7 quan els continguts cap als quals redirigeixi puguin contravenir la legislaci\u00f3 nacional o internacional, la moral o l\u2019ordre p\u00fablic. \u00c9s per aix\u00f2 que, en el cas que consideris que existeix una web enlla\u00e7ada amb continguts il\u00b7l\u00edcits o inadequats, et preguem que ens ho facis saber perqu\u00e8 puguem prendre les mesures que considerem oportunes.<\/p>\n<\/div>\n<\/div>\n<div class=\"et_pb_module et_pb_text et_pb_text_15 et_pb_text_align_left et_pb_bg_layout_light\" data-cya11y-org-font-size=\"15\">\n<div class=\"et_pb_text_inner\" data-cya11y-org-font-size=\"15\">\n<h4 data-cya11y-org-font-size=\"19\">4.3 De la disponibilitat de la web.<\/h4>\n<\/div>\n<\/div>\n<div class=\"et_pb_module et_pb_text et_pb_text_16 et_pb_text_align_left et_pb_bg_layout_light\" data-cya11y-org-font-size=\"15\">\n<div class=\"et_pb_text_inner\" data-cya11y-org-font-size=\"15\">\n<p data-cya11y-org-font-size=\"15\">Hem adoptat, i continuarem adoptant, tantes mesures com siguin necess\u00e0ries, dins de les nostres possibilitats i les de l\u2019estat de la tecnologia, per garantir el correcte funcionament de la Web i evitar l\u2019exist\u00e8ncia de components nocius. No obstant aix\u00f2, no respondrem pels danys i perjudicis que et pogu\u00e9s ocasionar a tu o a tercers la impossibilitat d\u2019accedir a la Web, aix\u00ed com la pres\u00e8ncia de virus o altres elements nocius. <\/p>\n<\/div>\n<\/div>\n<div class=\"et_pb_module et_pb_text et_pb_text_17 et_pb_text_align_left et_pb_bg_layout_light\" data-cya11y-org-font-size=\"15\">\n<div class=\"et_pb_text_inner\" data-cya11y-org-font-size=\"15\">\n<h4 data-cya11y-org-font-size=\"19\">5. DISPOSICIONS DIVERSES<\/h4>\n<h4 data-cya11y-org-font-size=\"19\">5.1 Atenci\u00f3 al client<\/h4>\n<\/div>\n<\/div>\n<div class=\"et_pb_module et_pb_text et_pb_text_18 et_pb_text_align_left et_pb_bg_layout_light\" data-cya11y-org-font-size=\"15\">\n<div class=\"et_pb_text_inner\" data-cya11y-org-font-size=\"15\">\n<p data-cya11y-org-font-size=\"15\">Per a qualsevol dubte, suggeriment, consulta o reclamaci\u00f3 relacionada amb l\u2019\u00fas de la Web posa\u2019t en contacte amb nosaltres a trav\u00e9s del correu electr\u00f2nic<span> <a href=\"mailto:carme@e-brum.com\">carme@e-brum.com<\/a> <\/span>i atendrem la teva consulta amb la m\u00e0xima brevetat possible, i en qualsevol cas, abans de 30 dies.<\/p>\n<\/div>\n<\/div>\n<div class=\"et_pb_module et_pb_text et_pb_text_19 et_pb_text_align_left et_pb_bg_layout_light\" data-cya11y-org-font-size=\"15\">\n<div class=\"et_pb_text_inner\" data-cya11y-org-font-size=\"15\">\n<h4 data-cya11y-org-font-size=\"19\">5.2 Independ\u00e8ncia i integritat de les cl\u00e0usules<\/h4>\n<\/div>\n<\/div>\n<div class=\"et_pb_module et_pb_text et_pb_text_20 et_pb_text_align_left et_pb_bg_layout_light\" data-cya11y-org-font-size=\"15\">\n<div class=\"et_pb_text_inner\" data-cya11y-org-font-size=\"15\">\n<p data-cya11y-org-font-size=\"15\">La il\u00b7licitud, invalidesa o inefic\u00e0cia de qualsevol de les cl\u00e0usules que conformen el present Av\u00eds Legal no afectar\u00e0 l\u2019efic\u00e0cia de la resta, sempre que els drets i obligacions no es vegin afectats de manera essencial. Aquestes cl\u00e0usules hauran de ser reempla\u00e7ables o integrades amb altres que, essent conformes a la llei, responguin a la finalitat de les substitu\u00efdes. <\/p>\n<\/div>\n<\/div>\n<div class=\"et_pb_module et_pb_text et_pb_text_21 et_pb_text_align_left et_pb_bg_layout_light\" data-cya11y-org-font-size=\"15\">\n<div class=\"et_pb_text_inner\" data-cya11y-org-font-size=\"15\">\n<h4 data-cya11y-org-font-size=\"19\">5.3 Modificaci\u00f3 de l\u2019Av\u00eds Legal<\/h4>\n<\/div>\n<\/div>\n<div class=\"et_pb_module et_pb_text et_pb_text_22 et_pb_text_align_left et_pb_bg_layout_light\" data-cya11y-org-font-size=\"15\">\n<div class=\"et_pb_text_inner\" data-cya11y-org-font-size=\"15\">\n<p data-cya11y-org-font-size=\"15\">La data de darrera actualitzaci\u00f3 d\u2019aquest Av\u00eds Legal apareix al peu d\u2019aquesta p\u00e0gina. Podrem revisar i actualitzar aquest Av\u00eds Legal en qualsevol moment i t\u2019avisarem d\u2019aix\u00f2 pels mitjans habituals, per\u00f2 sempre que afectin elements materials no entraran en vigor fins a catorze (14) dies despr\u00e9s de publicar-se. <\/p>\n<\/div>\n<\/div>\n<div class=\"et_pb_module et_pb_text et_pb_text_23 et_pb_text_align_left et_pb_bg_layout_light\" data-cya11y-org-font-size=\"15\">\n<div class=\"et_pb_text_inner\" data-cya11y-org-font-size=\"15\">\n<h4 data-cya11y-org-font-size=\"19\">5.4 Jurisdicci\u00f3 i llei aplicable<\/h4>\n<\/div>\n<\/div>\n<div class=\"et_pb_module et_pb_text et_pb_text_24 et_pb_text_align_left et_pb_bg_layout_light\" data-cya11y-org-font-size=\"15\">\n<div class=\"et_pb_text_inner\" data-cya11y-org-font-size=\"15\">\n<p data-cya11y-org-font-size=\"15\">L\u2019acc\u00e9s i \u00fas de<span> <a href=\"http:\/\/www.contenedoresreciclaje.com\">contenedoresreciclaje.com<\/a> <\/span>es regiran pel que disposa la legislaci\u00f3 espanyola. Qualsevol disputa o controv\u00e8rsia ser\u00e0 resolta pels jutjats i tribunals de SANTA EUL\u00c0LIA DE RON\u00c7ANA amb ren\u00fancia expressa a qualsevol altre fur que et correspongui, excepte en el cas que tinguis la consideraci\u00f3 de consumidor, que la compet\u00e8ncia la tindran els jutjats i tribunals del teu domicili. <\/p>\n<p data-cya11y-org-font-size=\"15\">La Comissi\u00f3 Europea ofereix una plataforma per a la resoluci\u00f3 alternativa de conflictes, a la qual es pot accedir des de<span> <\/span><a href=\"https:\/\/ec.europa.eu\/consumers\/odr\/main\/index.cfm?event=main.home.chooseLanguage\" data-cya11y-org-font-size=\"15\">aqu\u00ed<\/a>.<\/p>\n<\/div>\n<\/div>\n<\/div>\n<\/div>\n<\/div>\n<\/div>\n<p>[\/et_pb_text][\/et_pb_column][\/et_pb_row][\/et_pb_section]<\/p>\n","protected":false},"excerpt":{"rendered":"<p>AV\u00cdS LEGAL 1. ET DONEM LA BENVINGUDA A WWW.CONTENEDORESRECICLAJE.COM A STACCATO BIN, S.L. t\u2019oferim el lloc web contenedoresreciclaje.com y en su caso las aplicaciones m\u00f3viles y otras propiedades interactivas, STACCATO BIN, S.L. posee y opera (conjuntamente, la \u00abWeb\u00bb). L\u2019acc\u00e9s a la web et confereix la condici\u00f3 d\u2019usuari, entenent com a usuari aquella persona que utilitza [&hellip;]<\/p>\n","protected":false},"author":2,"featured_media":0,"parent":0,"menu_order":0,"comment_status":"closed","ping_status":"closed","template":"","meta":{"_et_pb_use_builder":"on","_et_pb_old_content":"","_et_gb_content_width":"","footnotes":""},"class_list":["post-560","page","type-page","status-publish","hentry"],"_links":{"self":[{"href":"https:\/\/contenedoresreciclaje.com\/ca\/wp-json\/wp\/v2\/pages\/560","targetHints":{"allow":["GET"]}}],"collection":[{"href":"https:\/\/contenedoresreciclaje.com\/ca\/wp-json\/wp\/v2\/pages"}],"about":[{"href":"https:\/\/contenedoresreciclaje.com\/ca\/wp-json\/wp\/v2\/types\/page"}],"author":[{"embeddable":true,"href":"https:\/\/contenedoresreciclaje.com\/ca\/wp-json\/wp\/v2\/users\/2"}],"replies":[{"embeddable":true,"href":"https:\/\/contenedoresreciclaje.com\/ca\/wp-json\/wp\/v2\/comments?post=560"}],"version-history":[{"count":2,"href":"https:\/\/contenedoresreciclaje.com\/ca\/wp-json\/wp\/v2\/pages\/560\/revisions"}],"predecessor-version":[{"id":562,"href":"https:\/\/contenedoresreciclaje.com\/ca\/wp-json\/wp\/v2\/pages\/560\/revisions\/562"}],"wp:attachment":[{"href":"https:\/\/contenedoresreciclaje.com\/ca\/wp-json\/wp\/v2\/media?parent=560"}],"curies":[{"name":"wp","href":"https:\/\/api.w.org\/{rel}","templated":true}]}}